{"id":1805,"date":"2023-05-26T08:49:47","date_gmt":"2023-05-26T07:49:47","guid":{"rendered":"https:\/\/www.ev-kirche-loeffingen.de\/?page_id=1805"},"modified":"2026-03-06T13:54:39","modified_gmt":"2026-03-06T12:54:39","slug":"impressum","status":"publish","type":"page","link":"https:\/\/www.ev-kirche-loeffingen.de\/index.php\/impressum\/","title":{"rendered":"Impressum"},"content":{"rendered":"\n<p>Verantwortlich f\u00fcr den Inhalt:<\/p>\n<p><strong>Herausgeberin\u00a0<\/strong><\/p>\n<p>Evangelische Kirchengemeinde L\u00f6ffingen<br \/>Redaktion<br \/>(gem\u00e4\u00df \u00a7 55 Abs. 2 RStV)<br \/>EK-L\u00f6ffingen-Online-Redaktion<br \/>L\u00e4rchenweg 2<br \/>79843 L\u00f6ffingen<br \/><strong>Tel.:<\/strong> 07654 \/ 92 10 88<br \/><strong>Internet:<\/strong> https:\/\/www.ev-kirche-loeffingen.de<br \/><strong>E-Mail:<\/strong> Pfarramt (at) ev-kirche-loeffingen.de<br \/><strong>Vertretungsberechtigt\/vertreten durch:<\/strong> Pfarrer Dr. Arno Krieg<\/p>\n<p><br \/><strong>Rechtsform<br \/><\/strong>Die Evangelische Kirchengemeinde L\u00f6ffingen ist eine K\u00f6rperschaft des \u00f6ffentlichen Rechts.<br \/>Rechtstr\u00e4ger der Aufsichtsbeh\u00f6rde: Evangelische Landeskirche in Baden, Blumenstra\u00dfe 1 &#8211; 7, D-76133 Karlsruhe<\/p>\n<p><strong>Haftung f\u00fcr Inhalte<\/strong><br \/>Als Diensteanbieter sind wir f\u00fcr eigene Inhalte auf diesen Seiten nach den allgemeinen Gesetzen verantwortlich. Als Diensteanbieter sind wir jedoch nicht verpflichtet, \u00fcbermittelte oder gespeicherte fremde Informationen zu \u00fcberwachen oder nach Umst\u00e4nden zu forschen, die auf eine rechtswidrige T\u00e4tigkeit hinweisen.<br \/>Verpflichtungen zur Entfernung oder Sperrung der Nutzung von Informationen nach den allgemeinen Gesetzen bleiben hiervon unber\u00fchrt. Eine diesbez\u00fcgliche Haftung ist jedoch erst ab dem Zeitpunkt der Kenntnis einer konkreten Rechtsverletzung m\u00f6glich. Bei Bekanntwerden von entsprechenden Rechtsverletzungen werden wir diese Inhalte umgehend entfernen.<\/p>\n<p><strong>Haftung f\u00fcr Links<\/strong><\/p>\n<p>Unser Angebot enth\u00e4lt Links zu externen Websites Dritter, auf deren Inhalte wir keinen Einfluss haben. Deshalb k\u00f6nnen wir f\u00fcr diese fremden Inhalte auch keine Gew\u00e4hr \u00fcbernehmen. F\u00fcr die Inhalte der verlinkten Seiten ist stets der jeweilige Anbieter oder Betreiber der Seiten verantwortlich. Die verlinkten Seiten wurden zum Zeitpunkt der Verlinkung auf m\u00f6gliche Rechtsverst\u00f6\u00dfe \u00fcberpr\u00fcft. Rechtswidrige Inhalte waren zum Zeitpunkt der Verlinkung nicht erkennbar.<br \/>Eine permanente inhaltliche Kontrolle der verlinkten Seiten ist jedoch ohne konkrete Anhaltspunkte einer Rechtsverletzung nicht zumutbar. Bei Bekanntwerden von Rechtsverletzungen werden wir derartige Links umgehend entfernen.<\/p>\n<p><strong>Urheberrecht<\/strong><br \/>Die durch die Seitenbetreiber erstellten Inhalte und Werke auf diesen Seiten unterliegen dem deutschen Urheberrecht. Die Vervielf\u00e4ltigung, Bearbeitung, Verbreitung und jede Art der Verwertung au\u00dferhalb der Grenzen des Urheberrechtes bed\u00fcrfen der schriftlichen Zustimmung des jeweiligen Autors bzw. Erstellers. Downloads und Kopien dieser Seite sind nur f\u00fcr den privaten, nicht kommerziellen Gebrauch gestattet.<br \/>Soweit die Inhalte auf dieser Seite nicht vom Betreiber erstellt wurden, werden die Urheberrechte Dritter beachtet. Insbesondere werden Inhalte Dritter als solche gekennzeichnet. Sollten Sie als Seitenbesucher auf eine Urheberrechtsverletzung aufmerksam werden, bitten wir um einen entsprechenden Hinweis. Bei Bekanntwerden und Vorliegen einer Rechtsverletzung nach dem Urheberrecht werden wir derartige Inhalte umgehend entfernen.<\/p>\n<p><strong>Datenschutz<\/strong><br \/>Die Kirchengemeinde L\u00f6ffingen nimmt den Schutz Ihrer Daten und die diesem Schutz dienenden gesetzlichen Verpflichtungen als verantwortliche Stelle im Sinne des Datenschutzrechts und Diensteanbieter im Sinne des DDGs sehr ernst. Mehr dazu lesen Sie in unserer\u00a0 <a href=\"https:\/\/www.ev-kirche-loeffingen.de\/index.php\/datenschutzerklaerung\/\"><strong><span style=\"color: #800080;\">Datenschutzerkl\u00e4rung<\/span><\/strong><\/a><\/p>\n","protected":false},"excerpt":{"rendered":"<p>Verantwortlich f\u00fcr den Inhalt: Herausgeberin\u00a0 Evangelische Kirchengemeinde L\u00f6ffingenRedaktion(gem\u00e4\u00df \u00a7 55 Abs. 2 RStV)EK-L\u00f6ffingen-Online-RedaktionL\u00e4rchenweg 279843 L\u00f6ffingenTel.: 07654 \/ 92 10 88Internet: https:\/\/www.ev-kirche-loeffingen.deE-Mail: Pfarramt (at) ev-kirche-loeffingen.deVertretungsberechtigt\/vertreten durch: Pfarrer Dr. Arno Krieg RechtsformDie &hellip; <\/p>\n<p class=\"link-more\"><a href=\"https:\/\/www.ev-kirche-loeffingen.de\/index.php\/impressum\/\" class=\"more-link\"><span class=\"screen-reader-text\">\u201eImpressum\u201c <\/span>weiterlesen<\/a><\/p>\n","protected":false},"author":1,"featured_media":0,"parent":0,"menu_order":0,"comment_status":"closed","ping_status":"closed","template":"","meta":{"footnotes":""},"class_list":["post-1805","page","type-page","status-publish","hentry"],"_links":{"self":[{"href":"https:\/\/www.ev-kirche-loeffingen.de\/index.php\/wp-json\/wp\/v2\/pages\/1805","targetHints":{"allow":["GET"]}}],"collection":[{"href":"https:\/\/www.ev-kirche-loeffingen.de\/index.php\/wp-json\/wp\/v2\/pages"}],"about":[{"href":"https:\/\/www.ev-kirche-loeffingen.de\/index.php\/wp-json\/wp\/v2\/types\/page"}],"author":[{"embeddable":true,"href":"https:\/\/www.ev-kirche-loeffingen.de\/index.php\/wp-json\/wp\/v2\/users\/1"}],"replies":[{"embeddable":true,"href":"https:\/\/www.ev-kirche-loeffingen.de\/index.php\/wp-json\/wp\/v2\/comments?post=1805"}],"version-history":[{"count":16,"href":"https:\/\/www.ev-kirche-loeffingen.de\/index.php\/wp-json\/wp\/v2\/pages\/1805\/revisions"}],"predecessor-version":[{"id":2675,"href":"https:\/\/www.ev-kirche-loeffingen.de\/index.php\/wp-json\/wp\/v2\/pages\/1805\/revisions\/2675"}],"wp:attachment":[{"href":"https:\/\/www.ev-kirche-loeffingen.de\/index.php\/wp-json\/wp\/v2\/media?parent=1805"}],"curies":[{"name":"wp","href":"https:\/\/api.w.org\/{rel}","templated":true}]}}