{"id":18,"date":"2017-02-19T14:34:34","date_gmt":"2017-02-19T13:34:34","guid":{"rendered":"http:\/\/www.ev-kirche-loeffingen.de\/?page_id=18"},"modified":"2026-01-16T11:13:30","modified_gmt":"2026-01-16T10:13:30","slug":"ueber-mich","status":"publish","type":"page","link":"https:\/\/www.ev-kirche-loeffingen.de\/index.php\/ueber-mich\/","title":{"rendered":"\u00dcber uns"},"content":{"rendered":"<p>Ihre evangelische Kirchengemeinde L\u00f6ffingen wird vertreten durch:<\/p>\n<p>Pfarrerin Annegret Krieg und Pfarrer Dr. Arno Krieg<\/p>\n<p>Wir sind f\u00fcr Sie da!<\/p>\n<p>Sie erreichen uns sowie die Pfarramtssekret\u00e4rin Frau Mirjana \u0106ur\u010di\u0107 und den K\u00fcster Herrn \u017deljko \u0106ur\u010di\u0107 \u00fcber die unter<a href=\"https:\/\/www.ev-kirche-loeffingen.de\/index.php\/kontakt\/\"> &#8222;Kontakt&#8220;<\/a> angegebenen Daten.<\/p>\n","protected":false},"excerpt":{"rendered":"<p>Ihre evangelische Kirchengemeinde L\u00f6ffingen wird vertreten durch: Pfarrerin Annegret Krieg und Pfarrer Dr. Arno Krieg Wir sind f\u00fcr Sie da! Sie erreichen uns sowie die Pfarramtssekret\u00e4rin Frau Mirjana \u0106ur\u010di\u0107 und &hellip; <\/p>\n<p class=\"link-more\"><a href=\"https:\/\/www.ev-kirche-loeffingen.de\/index.php\/ueber-mich\/\" class=\"more-link\"><span class=\"screen-reader-text\">\u201e\u00dcber uns\u201c <\/span>weiterlesen<\/a><\/p>\n","protected":false},"author":1,"featured_media":0,"parent":0,"menu_order":0,"comment_status":"closed","ping_status":"closed","template":"","meta":{"footnotes":""},"class_list":["post-18","page","type-page","status-publish","hentry"],"_links":{"self":[{"href":"https:\/\/www.ev-kirche-loeffingen.de\/index.php\/wp-json\/wp\/v2\/pages\/18","targetHints":{"allow":["GET"]}}],"collection":[{"href":"https:\/\/www.ev-kirche-loeffingen.de\/index.php\/wp-json\/wp\/v2\/pages"}],"about":[{"href":"https:\/\/www.ev-kirche-loeffingen.de\/index.php\/wp-json\/wp\/v2\/types\/page"}],"author":[{"embeddable":true,"href":"https:\/\/www.ev-kirche-loeffingen.de\/index.php\/wp-json\/wp\/v2\/users\/1"}],"replies":[{"embeddable":true,"href":"https:\/\/www.ev-kirche-loeffingen.de\/index.php\/wp-json\/wp\/v2\/comments?post=18"}],"version-history":[{"count":11,"href":"https:\/\/www.ev-kirche-loeffingen.de\/index.php\/wp-json\/wp\/v2\/pages\/18\/revisions"}],"predecessor-version":[{"id":2626,"href":"https:\/\/www.ev-kirche-loeffingen.de\/index.php\/wp-json\/wp\/v2\/pages\/18\/revisions\/2626"}],"wp:attachment":[{"href":"https:\/\/www.ev-kirche-loeffingen.de\/index.php\/wp-json\/wp\/v2\/media?parent=18"}],"curies":[{"name":"wp","href":"https:\/\/api.w.org\/{rel}","templated":true}]}}